{"id":34,"date":"2023-04-23T17:05:10","date_gmt":"2023-04-23T14:05:10","guid":{"rendered":"https:\/\/18lounge.ro\/?page_id=34"},"modified":"2023-05-22T12:50:30","modified_gmt":"2023-05-22T09:50:30","slug":"termeni-si-conditii","status":"publish","type":"page","link":"https:\/\/18lounge.ro\/en\/termeni-si-conditii\/","title":{"rendered":"Terms and conditions"},"content":{"rendered":"<p>TERMENI<br>Acest site cuprinde: texte, poze, baze de date, servicii, logo-uri, orice fel de informa\u021bii, reclame etc., ce constituie \u201econ\u021binutul\u201d site-ului www.norbucharest.ro, care este proprietatea companiei S.C. SPARKGATE SRL. Parcurgerea \u0219i utilizarea site-ului www.18lounge.ro reprezint\u0103 acceptarea f\u0103r\u0103 limit\u0103ri sau rezerve a prezen\u021bilor termeni \u0219i condi\u021bii. S.C. SPARKGATE SRL. \u00ee\u0219i rezerv\u0103 dreptul, pe baz\u0103 unilateral\u0103, de a schimba, de a corecta, de a modifica, de a ad\u0103uga \u0219i\/sau retrage, \u00een parte sau \u00een \u00eentregime, ace\u0219ti termeni, f\u0103r\u0103 a anun\u021ba \u00een prealabil. Aceste schimb\u0103ri vor intra \u00een vigoare din momentul public\u0103rii pe www.18lounge.ro.<\/p>\n\n\n\n<p>DESCRIERE SITE<br>Site-ul www.18lounge.ro este un site web de prezentare a serviciilor oferite de restaurantul 18Lounge. Informa\u021biile prezente pe site sunt de interes general, puse la dispozi\u021bia utilizatorilor \u00een mod gratuit.<\/p>\n\n\n\n<p>DREPTURI DE AUTOR<br>\u00centregul con\u021binut al acestui site (date, imagini, texte, grafic\u0103, simboluri, elemente de grafic\u0103 web, scripturi, programe \u0219i alte date) este proprietatea S.C. SPARK GATE SRL. \u0219i este ap\u0103rat de legea pentru protec\u021bia drepturilor de autor, toate drepturile fiind rezervate. Folosirea oric\u0103ror elemente enumerate mai sus f\u0103r\u0103 ob\u021binerea unui acord prealabil de la de\u021bin\u0103torii de drept se pedepse\u0219te conform legilor \u00een vigoare.<br>Con\u021binutul site-ului www.18lounge.ro nu poate fi reprodus, modificat, transferat, distribuit, republicat, copiat sau transmis \u00een orice form\u0103, incluz\u00e2nd forma electronic\u0103, f\u0103r\u0103 permisiunea anterioar\u0103 scris\u0103 a reprezentan\u021bilor S.C. SPARK GATE SRL.<br>Sunte\u0163i de acord a nu v\u0103 angaja \u00een utilizarea, copierea sau distribuirea materialelor postate unei ter\u021be p\u0103r\u021bi, \u00een interes comercial. Dac\u0103 downloada\u021bi sau printa\u021bi o copie a con\u021binutului pentru uz personal, trebuie s\u0103 de\u021bine\u021bi toate drepturile de autor sau avizul proprietarilor con\u021binutului. Sunte\u021bi, de asemenea, de acord s\u0103 nu afecta\u021bi \u0219i interfera\u021bi \u00een vreun fel cu elementele de securitate ale site-ului, cu elementele care previn sau restric\u021bioneaz\u0103 utilizarea, copierea unui con\u021binut sau elemente care \u00eent\u0103resc limitele de utilizare a site-ului sau a con\u021binutului acestuia.<\/p>\n\n\n\n<p>LIMITAREA R\u0102SPUNDERII<br>Societatea S.C. SPARK GATE SRL. nu va fi r\u0103spunz\u0103toare pentru niciun fel de pagube directe, indirecte, accidentale, speciale, inclusiv, dar nu limitat la pagube pentru pierderi de profit, bun\u0103voin\u021b\u0103, posibilitate de folosire, date sau alte pierderi intangibile sau incomensurabile (chiar dac\u0103 Societatea S.C. SPARK GATE SRL. a fost informat\u0103 anterior de posibilitatea apari\u021biei unor asemenea pierderi), rezult\u00e2nd din: utilizarea sau imposibilitatea utiliz\u0103rii informa\u021biilor site-ului; acces neautorizat la, sau deteriorarea transmisiilor sau datelor utilizatorului; declara\u021bii sau ac\u021biuni ale oric\u0103rei ter\u021be p\u0103r\u021bi asupra serviciilor site-ului; orice alt\u0103 problem\u0103 legat\u0103 de serviciile site-ului.<br>Dac\u0103 se consider\u0103 c\u0103 orice material pus la dispozi\u021bie pe site, postat pe site de c\u0103tre ter\u021bi sau utilizatori violeaz\u0103 drepturile de autor (copyright) sau orice alte drepturi, este necesar\u0103 semnalarea acestei situa\u021bii la adresa de e-mail alex.raduavramescu@18lounge.ro. Acest site este oferit \u00een aceast\u0103 form\u0103 garan\u021bii. Societatea S.C. SPARK GATE SRL. nu este \u0219i nu poate fi responsabil\u0103 pentru nepotriviri, indisponibilit\u0103\u021bi sau alte defecte ale acestui site sau ale con\u021binutului s\u0103u.<br><br>ABSOLVIREA DE R\u0102SPUNDERE<br>Accept\u00e2nd s\u0103 utiliza\u021bi acest site, declara\u021bi \u00een mod expres \u0219i implicit c\u0103 \u00een\u021belege\u021bi c\u0103 sunte\u021bi de acord cu urm\u0103toarele:<\/p>\n\n\n\n<ul class=\"wp-block-list\">\n<li>utilizarea site-ului se face pe propria r\u0103spundere;<\/li>\n\n\n\n<li>Societatea S.C. SPARK GATE SRL. se absolv\u0103 \u00een mod expres de toate r\u0103spunderile de orice fel, exprimate direct sau indirect, inclusiv, dar nu limitat la, garan\u021biile indirecte de v\u00e2nzare sau conformitate cu specifica\u021biile pentru un anume scop;<\/li>\n\n\n\n<li>Societatea S.C. SPARK GATE SRL. nu ofer\u0103 nicio garan\u021bie c\u0103 informa\u021biile vor \u00eemplini toate cerin\u021bele dumneavoastr\u0103;<\/li>\n\n\n\n<li>serviciile vor fi ne\u00eentrerupte, la timp, sigure sau f\u0103r\u0103 erori;<\/li>\n\n\n\n<li>rezultatele ce se vor putea ob\u021bine din folosirea informa\u021biilor site-ului vor fi corecte sau de \u00eencredere;<\/li>\n\n\n\n<li>calitatea oric\u0103ror produse, servicii, informa\u021bii sau altor materiale cump\u0103rate sau ob\u021binute de dumneavoastr\u0103 prin intermediul site-ului va satisface toate cerin\u021bele;<\/li>\n\n\n\n<li>orice eroare de program va fi corectat\u0103.<\/li>\n\n\n\n<li>utilizatorul este singura persoan\u0103 responsabil\u0103 de eventualele distrugeri cauzate sistemelor de calcul sau re\u021belei de pe care acceseaz\u0103 site-ul sau de orice alte pierderi de date, care ar putea fi rezultatul desc\u0103rc\u0103rii de informa\u021bii \u0219i servicii din con\u021binutului site-ului.<\/li>\n\n\n\n<li>niciun sfat sau alte informa\u021bii orale sau scrise, ob\u021binute de la site sau prin intermediul serviciilor site-ului nu constituie o garan\u021bie, dac\u0103 nu este stipulat\u0103 expres \u00een termenii \u0219i condi\u021biile de utilizare.<\/li>\n<\/ul>\n\n\n\n<p>LEG\u0102TURA CU ALTE SITE-URI<br>Plasarea unui hyperlink spre site-ul www.18lounge.ro necesit\u0103 o autoriza\u021bie prealabil\u0103 \u00een scris de la societatea S.C. SPARK GATE SRL. Dac\u0103 dori\u021bi s\u0103 plasa\u021bi un hyperlink spre site-ul nostru, trebuie prin urmare s\u0103 contacta\u021bi responsabilul site-ului www.18lounge.ro. S.C SPARK GATE SRL. nu poate fi, \u00een nici un caz, f\u0103cut\u0103 responsabil\u0103 pentru punerea la dispozi\u021bie a unor site-uri care fac obiectul unui hyperlink plec\u00e2nd de la site-ul www.18lounge.ro \u0219i nu este responsabil\u0103, \u00een niciun fel, de con\u021binutul, produsele, serviciile etc. disponibile pe aceste site-uri sau plec\u00e2nd de la aceste site-uri.<\/p>\n\n\n\n<p>DREPT APLICABIL<br>Prezen\u021bii Termeni \u0219i condi\u021bii, precum \u0219i orice litigiu \u00een leg\u0103tur\u0103 cu sau decurg\u00e2nd din clauzele acestor Termeni \u0219i condi\u021bii sau din accesarea \/ func\u021bionarea \/ disfunc\u021bionalitatea site-ului se supun dreptului intern rom\u00e2n. Limba Termenilor \u0219i condi\u021biilor \u0219i a site-ului este limba rom\u00e2n\u0103. \u00cen caz de litigiu, numai instan\u021bele rom\u00e2ne\u0219ti vor fi considerate competente.<\/p>\n\n\n\n<p>UTILIZATORUL SITE-ULUI ACCEPT\u0102 S\u0102 ADERE LA ACE\u0218TI TERMENI \u0218I CONDI\u021aII<br>Utilizatorul site-ului www.18lounge.ro confirm\u0103 c\u0103 a citit \u0219i acceptat ace\u0219ti Termeni \u0219i condi\u021bii. Utilizarea site-ului de c\u0103tre client implic\u0103 acceptarea necondi\u021bionat\u0103 a acestor Termeni \u0219i condi\u021bii<\/p>\n\n\n\n<p>DREPT APLICABIL<br>Prezen\u021bii Termeni \u0219i condi\u021bii, precum \u0219i orice litigiu \u00een leg\u0103tur\u0103 cu sau decurg\u00e2nd din clauzele acestor Termeni \u0219i condi\u021bii sau din accesarea \/ func\u021bionarea \/ disfunc\u021bionalitatea site-ului se supun dreptului intern rom\u00e2n. Limba Termenilor \u0219i condi\u021biilor \u0219i a site-ului este limba rom\u00e2n\u0103. \u00cen caz de litigiu, numai instan\u021bele rom\u00e2ne\u0219ti vor fi considerate competente.<\/p>\n\n\n\n<p>UTILIZATORUL SITE-ULUI ACCEPT\u0102 S\u0102 ADERE LA ACE\u0218TI TERMENI \u0218I CONDI\u021aII<br>Utilizatorul site-ului www.18lounge.ro confirm\u0103 c\u0103 a citit \u0219i acceptat ace\u0219ti Termeni \u0219i condi\u021bii. Utilizarea site-ului de c\u0103tre client implic\u0103 acceptarea necondi\u021bionat\u0103 a acestor Termeni \u0219i condi\u021bii<\/p>","protected":false},"excerpt":{"rendered":"<p>TERMENIAcest site cuprinde: texte, poze, baze de date, servicii, logo-uri, orice fel de informa\u021bii, reclame etc., ce constituie \u201econ\u021binutul\u201d site-ului www.norbucharest.ro, care este proprietatea companiei S.C. SPARKGATE SRL. Parcurgerea \u0219i utilizarea site-ului www.18lounge.ro reprezint\u0103 acceptarea f\u0103r\u0103 limit\u0103ri sau rezerve a prezen\u021bilor termeni \u0219i condi\u021bii. S.C. SPARKGATE SRL. \u00ee\u0219i rezerv\u0103 dreptul, pe baz\u0103 unilateral\u0103, de a [&hellip;]<\/p>\n","protected":false},"author":1,"featured_media":0,"parent":0,"menu_order":0,"comment_status":"closed","ping_status":"closed","template":"","meta":{"footnotes":""},"class_list":["post-34","page","type-page","status-publish","hentry"],"yoast_head":"<!-- This site is optimized with the Yoast SEO plugin v27.4 - https:\/\/yoast.com\/product\/yoast-seo-wordpress\/ -->\n<title>Termeni \u0219i condi\u021bii - 18lounge<\/title>\n<meta name=\"robots\" content=\"index, nofollow, max-snippet:-1, max-image-preview:large, max-video-preview:-1\" \/>\n<link rel=\"canonical\" href=\"https:\/\/18lounge.ro\/en\/termeni-si-conditii\/\" \/>\n<meta property=\"og:locale\" content=\"en_US\" \/>\n<meta property=\"og:type\" content=\"article\" \/>\n<meta property=\"og:title\" content=\"Termeni \u0219i condi\u021bii - 18lounge\" \/>\n<meta property=\"og:description\" content=\"TERMENIAcest site cuprinde: texte, poze, baze de date, servicii, logo-uri, orice fel de informa\u021bii, reclame etc., ce constituie \u201econ\u021binutul\u201d site-ului www.norbucharest.ro, care este proprietatea companiei S.C. SPARKGATE SRL. Parcurgerea \u0219i utilizarea site-ului www.18lounge.ro reprezint\u0103 acceptarea f\u0103r\u0103 limit\u0103ri sau rezerve a prezen\u021bilor termeni \u0219i condi\u021bii. S.C. SPARKGATE SRL. \u00ee\u0219i rezerv\u0103 dreptul, pe baz\u0103 unilateral\u0103, de a [&hellip;]\" \/>\n<meta property=\"og:url\" content=\"https:\/\/18lounge.ro\/en\/termeni-si-conditii\/\" \/>\n<meta property=\"og:site_name\" content=\"18lounge\" \/>\n<meta property=\"article:publisher\" content=\"https:\/\/www.facebook.com\/18Lounge\" \/>\n<meta property=\"article:modified_time\" content=\"2023-05-22T09:50:30+00:00\" \/>\n<meta name=\"twitter:card\" content=\"summary_large_image\" \/>\n<meta name=\"twitter:label1\" content=\"Est. reading time\" \/>\n\t<meta name=\"twitter:data1\" content=\"6 minutes\" \/>\n<script type=\"application\/ld+json\" class=\"yoast-schema-graph\">{\"@context\":\"https:\\\/\\\/schema.org\",\"@graph\":[{\"@type\":\"WebPage\",\"@id\":\"https:\\\/\\\/18lounge.ro\\\/termeni-si-conditii\\\/\",\"url\":\"https:\\\/\\\/18lounge.ro\\\/termeni-si-conditii\\\/\",\"name\":\"Termeni \u0219i condi\u021bii - 18lounge\",\"isPartOf\":{\"@id\":\"https:\\\/\\\/18lounge.ro\\\/#website\"},\"datePublished\":\"2023-04-23T14:05:10+00:00\",\"dateModified\":\"2023-05-22T09:50:30+00:00\",\"breadcrumb\":{\"@id\":\"https:\\\/\\\/18lounge.ro\\\/termeni-si-conditii\\\/#breadcrumb\"},\"inLanguage\":\"en-US\",\"potentialAction\":[{\"@type\":\"ReadAction\",\"target\":[\"https:\\\/\\\/18lounge.ro\\\/termeni-si-conditii\\\/\"]}]},{\"@type\":\"BreadcrumbList\",\"@id\":\"https:\\\/\\\/18lounge.ro\\\/termeni-si-conditii\\\/#breadcrumb\",\"itemListElement\":[{\"@type\":\"ListItem\",\"position\":1,\"name\":\"Prima pagin\u0103\",\"item\":\"https:\\\/\\\/18lounge.ro\\\/\"},{\"@type\":\"ListItem\",\"position\":2,\"name\":\"Termeni \u0219i condi\u021bii\"}]},{\"@type\":\"WebSite\",\"@id\":\"https:\\\/\\\/18lounge.ro\\\/#website\",\"url\":\"https:\\\/\\\/18lounge.ro\\\/\",\"name\":\"18lounge\",\"description\":\"slogan\",\"publisher\":{\"@id\":\"https:\\\/\\\/18lounge.ro\\\/#organization\"},\"potentialAction\":[{\"@type\":\"SearchAction\",\"target\":{\"@type\":\"EntryPoint\",\"urlTemplate\":\"https:\\\/\\\/18lounge.ro\\\/?s={search_term_string}\"},\"query-input\":{\"@type\":\"PropertyValueSpecification\",\"valueRequired\":true,\"valueName\":\"search_term_string\"}}],\"inLanguage\":\"en-US\"},{\"@type\":\"Organization\",\"@id\":\"https:\\\/\\\/18lounge.ro\\\/#organization\",\"name\":\"18lounge\",\"url\":\"https:\\\/\\\/18lounge.ro\\\/\",\"logo\":{\"@type\":\"ImageObject\",\"inLanguage\":\"en-US\",\"@id\":\"https:\\\/\\\/18lounge.ro\\\/#\\\/schema\\\/logo\\\/image\\\/\",\"url\":\"https:\\\/\\\/18lounge.ro\\\/wp-content\\\/uploads\\\/2023\\\/05\\\/18-lounge-logo.png\",\"contentUrl\":\"https:\\\/\\\/18lounge.ro\\\/wp-content\\\/uploads\\\/2023\\\/05\\\/18-lounge-logo.png\",\"width\":913,\"height\":533,\"caption\":\"18lounge\"},\"image\":{\"@id\":\"https:\\\/\\\/18lounge.ro\\\/#\\\/schema\\\/logo\\\/image\\\/\"},\"sameAs\":[\"https:\\\/\\\/www.facebook.com\\\/18Lounge\",\"https:\\\/\\\/www.instagram.com\\\/18lounge\\\/\",\"https:\\\/\\\/www.tiktok.com\\\/@18lounge.bucharest\"]}]}<\/script>\n<!-- \/ Yoast SEO plugin. -->","yoast_head_json":{"title":"Termeni \u0219i condi\u021bii - 18lounge","robots":{"index":"index","follow":"nofollow","max-snippet":"max-snippet:-1","max-image-preview":"max-image-preview:large","max-video-preview":"max-video-preview:-1"},"canonical":"https:\/\/18lounge.ro\/en\/termeni-si-conditii\/","og_locale":"en_US","og_type":"article","og_title":"Termeni \u0219i condi\u021bii - 18lounge","og_description":"TERMENIAcest site cuprinde: texte, poze, baze de date, servicii, logo-uri, orice fel de informa\u021bii, reclame etc., ce constituie \u201econ\u021binutul\u201d site-ului www.norbucharest.ro, care este proprietatea companiei S.C. SPARKGATE SRL. Parcurgerea \u0219i utilizarea site-ului www.18lounge.ro reprezint\u0103 acceptarea f\u0103r\u0103 limit\u0103ri sau rezerve a prezen\u021bilor termeni \u0219i condi\u021bii. S.C. SPARKGATE SRL. \u00ee\u0219i rezerv\u0103 dreptul, pe baz\u0103 unilateral\u0103, de a [&hellip;]","og_url":"https:\/\/18lounge.ro\/en\/termeni-si-conditii\/","og_site_name":"18lounge","article_publisher":"https:\/\/www.facebook.com\/18Lounge","article_modified_time":"2023-05-22T09:50:30+00:00","twitter_card":"summary_large_image","twitter_misc":{"Est. reading time":"6 minutes"},"schema":{"@context":"https:\/\/schema.org","@graph":[{"@type":"WebPage","@id":"https:\/\/18lounge.ro\/termeni-si-conditii\/","url":"https:\/\/18lounge.ro\/termeni-si-conditii\/","name":"Termeni \u0219i condi\u021bii - 18lounge","isPartOf":{"@id":"https:\/\/18lounge.ro\/#website"},"datePublished":"2023-04-23T14:05:10+00:00","dateModified":"2023-05-22T09:50:30+00:00","breadcrumb":{"@id":"https:\/\/18lounge.ro\/termeni-si-conditii\/#breadcrumb"},"inLanguage":"en-US","potentialAction":[{"@type":"ReadAction","target":["https:\/\/18lounge.ro\/termeni-si-conditii\/"]}]},{"@type":"BreadcrumbList","@id":"https:\/\/18lounge.ro\/termeni-si-conditii\/#breadcrumb","itemListElement":[{"@type":"ListItem","position":1,"name":"Prima pagin\u0103","item":"https:\/\/18lounge.ro\/"},{"@type":"ListItem","position":2,"name":"Termeni \u0219i condi\u021bii"}]},{"@type":"WebSite","@id":"https:\/\/18lounge.ro\/#website","url":"https:\/\/18lounge.ro\/","name":"18lounge","description":"slogan","publisher":{"@id":"https:\/\/18lounge.ro\/#organization"},"potentialAction":[{"@type":"SearchAction","target":{"@type":"EntryPoint","urlTemplate":"https:\/\/18lounge.ro\/?s={search_term_string}"},"query-input":{"@type":"PropertyValueSpecification","valueRequired":true,"valueName":"search_term_string"}}],"inLanguage":"en-US"},{"@type":"Organization","@id":"https:\/\/18lounge.ro\/#organization","name":"18lounge","url":"https:\/\/18lounge.ro\/","logo":{"@type":"ImageObject","inLanguage":"en-US","@id":"https:\/\/18lounge.ro\/#\/schema\/logo\/image\/","url":"https:\/\/18lounge.ro\/wp-content\/uploads\/2023\/05\/18-lounge-logo.png","contentUrl":"https:\/\/18lounge.ro\/wp-content\/uploads\/2023\/05\/18-lounge-logo.png","width":913,"height":533,"caption":"18lounge"},"image":{"@id":"https:\/\/18lounge.ro\/#\/schema\/logo\/image\/"},"sameAs":["https:\/\/www.facebook.com\/18Lounge","https:\/\/www.instagram.com\/18lounge\/","https:\/\/www.tiktok.com\/@18lounge.bucharest"]}]}},"_links":{"self":[{"href":"https:\/\/18lounge.ro\/en\/wp-json\/wp\/v2\/pages\/34","targetHints":{"allow":["GET"]}}],"collection":[{"href":"https:\/\/18lounge.ro\/en\/wp-json\/wp\/v2\/pages"}],"about":[{"href":"https:\/\/18lounge.ro\/en\/wp-json\/wp\/v2\/types\/page"}],"author":[{"embeddable":true,"href":"https:\/\/18lounge.ro\/en\/wp-json\/wp\/v2\/users\/1"}],"replies":[{"embeddable":true,"href":"https:\/\/18lounge.ro\/en\/wp-json\/wp\/v2\/comments?post=34"}],"version-history":[{"count":3,"href":"https:\/\/18lounge.ro\/en\/wp-json\/wp\/v2\/pages\/34\/revisions"}],"predecessor-version":[{"id":159,"href":"https:\/\/18lounge.ro\/en\/wp-json\/wp\/v2\/pages\/34\/revisions\/159"}],"wp:attachment":[{"href":"https:\/\/18lounge.ro\/en\/wp-json\/wp\/v2\/media?parent=34"}],"curies":[{"name":"wp","href":"https:\/\/api.w.org\/{rel}","templated":true}]}}