{"id":3,"date":"2023-04-21T11:54:51","date_gmt":"2023-04-21T11:54:51","guid":{"rendered":"https:\/\/18lounge.ro\/?page_id=3"},"modified":"2023-05-22T12:50:13","modified_gmt":"2023-05-22T09:50:13","slug":"politica-de-confidentialitate","status":"publish","type":"page","link":"https:\/\/18lounge.ro\/en\/politica-de-confidentialitate\/","title":{"rendered":"Privacy policy"},"content":{"rendered":"<h2 class=\"wp-block-heading\">Cine suntem<\/h2>\n\n\n\n<p>Adresa site-ului nostru web este: https:\/\/18lounge.ro.<\/p>\n\n\n\n<h2 class=\"wp-block-heading\">Con\u021binut \u00eenglobat de pe alte site-uri web<\/h2>\n\n\n\n<p>Articolele din acest site pot include con\u021binut \u00eenglobat (de exemplu, videouri, imagini, articole etc.). Con\u021binutul \u00eenglobat de pe alte site-uri web se comporta exact la fel ca \u0219i cum vizitatorii au vizualizat un alt site web.<\/p>\n\n\n\n<p>Aceste site-uri web pot s\u0103 colecteze date despre tine, s\u0103 foloseasc\u0103 cookie-uri, s\u0103 \u00eenglobeze urm\u0103rirea suplimentar\u0103 a ter\u021bilor \u0219i s\u0103-\u021bi monitorizeze interac\u021biunea cu con\u021binutul \u00eenglobat, inclusiv s\u0103-\u021bi urm\u0103reasc\u0103 interac\u021biunea cu con\u021binutul \u00eenglobat dac\u0103 ai un cont \u0219i e\u0219ti autentificat \u00een acel site web.<\/p>\n\n\n\n<h2 class=\"wp-block-heading\">C\u00e2t timp \u00ee\u021bi p\u0103str\u0103m datele<\/h2>\n\n\n\n<p>Pentru utilizatorii (dac\u0103 exist\u0103) care se \u00eenregistreaz\u0103 pe site-ul nostru web, stoc\u0103m \u0219i informa\u021biile personale pe care le furnizeaz\u0103 \u00een profilul lor de utilizator. To\u021bi utilizatorii \u00ee\u0219i pot vedea, edita sau \u0219terge informa\u021biile personale oric\u00e2nd (dar nu \u00ee\u0219i pot schimba numele de utilizator). De asemenea, administratorii site-ului web pot vedea \u0219i edita aceste informa\u021bii.<\/p>\n\n\n\n<h2 class=\"wp-block-heading\">Ce drepturi ai asupra datelor tale<\/h2>\n\n\n\n<p>Dac\u0103 ai un cont  pe acest site web, po\u021bi cere s\u0103 prime\u0219ti un fi\u0219ier de export cu datele cu caracter personal pe care le de\u021binem despre tine, inclusiv toate datele pe care ni le-ai furnizat. De asemenea, ne po\u021bi cere s\u0103 \u0219tergem toate datele cu caracter personal pe care le de\u021binem despre tine. Acestea nu includ \u0219i toate datele pe care suntem obliga\u021bi s\u0103 le p\u0103str\u0103m \u00een scopuri administrative, juridice sau de securitate.<\/p>","protected":false},"excerpt":{"rendered":"<p>Cine suntem Adresa site-ului nostru web este: https:\/\/18lounge.ro. Con\u021binut \u00eenglobat de pe alte site-uri web Articolele din acest site pot include con\u021binut \u00eenglobat (de exemplu, videouri, imagini, articole etc.). Con\u021binutul \u00eenglobat de pe alte site-uri web se comporta exact la fel ca \u0219i cum vizitatorii au vizualizat un alt site web. Aceste site-uri web pot [&hellip;]<\/p>\n","protected":false},"author":1,"featured_media":138,"parent":0,"menu_order":0,"comment_status":"closed","ping_status":"open","template":"","meta":{"footnotes":""},"class_list":["post-3","page","type-page","status-publish","has-post-thumbnail","hentry"],"yoast_head":"<!-- This site is optimized with the Yoast SEO plugin v27.5 - https:\/\/yoast.com\/product\/yoast-seo-wordpress\/ -->\n<title>Politic\u0103 de confiden\u021bialitate - 18lounge<\/title>\n<meta name=\"robots\" content=\"index, nofollow, max-snippet:-1, max-image-preview:large, max-video-preview:-1\" \/>\n<link rel=\"canonical\" href=\"https:\/\/18lounge.ro\/en\/politica-de-confidentialitate\/\" \/>\n<meta property=\"og:locale\" content=\"en_US\" \/>\n<meta property=\"og:type\" content=\"article\" \/>\n<meta property=\"og:title\" content=\"Politic\u0103 de confiden\u021bialitate - 18lounge\" \/>\n<meta property=\"og:description\" content=\"Cine suntem Adresa site-ului nostru web este: https:\/\/18lounge.ro. Con\u021binut \u00eenglobat de pe alte site-uri web Articolele din acest site pot include con\u021binut \u00eenglobat (de exemplu, videouri, imagini, articole etc.). Con\u021binutul \u00eenglobat de pe alte site-uri web se comporta exact la fel ca \u0219i cum vizitatorii au vizualizat un alt site web. Aceste site-uri web pot [&hellip;]\" \/>\n<meta property=\"og:url\" content=\"https:\/\/18lounge.ro\/en\/politica-de-confidentialitate\/\" \/>\n<meta property=\"og:site_name\" content=\"18lounge\" \/>\n<meta property=\"article:publisher\" content=\"https:\/\/www.facebook.com\/18Lounge\" \/>\n<meta property=\"article:modified_time\" content=\"2023-05-22T09:50:13+00:00\" \/>\n<meta property=\"og:image\" content=\"https:\/\/18lounge.ro\/wp-content\/uploads\/2023\/05\/home-page-scaled.webp\" \/>\n\t<meta property=\"og:image:width\" content=\"2560\" \/>\n\t<meta property=\"og:image:height\" content=\"1942\" \/>\n\t<meta property=\"og:image:type\" content=\"image\/webp\" \/>\n<meta name=\"twitter:card\" content=\"summary_large_image\" \/>\n<meta name=\"twitter:label1\" content=\"Est. reading time\" \/>\n\t<meta name=\"twitter:data1\" content=\"2 minutes\" \/>\n<script type=\"application\/ld+json\" class=\"yoast-schema-graph\">{\"@context\":\"https:\\\/\\\/schema.org\",\"@graph\":[{\"@type\":\"WebPage\",\"@id\":\"https:\\\/\\\/18lounge.ro\\\/politica-de-confidentialitate\\\/\",\"url\":\"https:\\\/\\\/18lounge.ro\\\/politica-de-confidentialitate\\\/\",\"name\":\"Politic\u0103 de confiden\u021bialitate - 18lounge\",\"isPartOf\":{\"@id\":\"https:\\\/\\\/18lounge.ro\\\/#website\"},\"primaryImageOfPage\":{\"@id\":\"https:\\\/\\\/18lounge.ro\\\/politica-de-confidentialitate\\\/#primaryimage\"},\"image\":{\"@id\":\"https:\\\/\\\/18lounge.ro\\\/politica-de-confidentialitate\\\/#primaryimage\"},\"thumbnailUrl\":\"https:\\\/\\\/18lounge.ro\\\/wp-content\\\/uploads\\\/2023\\\/05\\\/home-page-scaled.webp\",\"datePublished\":\"2023-04-21T11:54:51+00:00\",\"dateModified\":\"2023-05-22T09:50:13+00:00\",\"breadcrumb\":{\"@id\":\"https:\\\/\\\/18lounge.ro\\\/politica-de-confidentialitate\\\/#breadcrumb\"},\"inLanguage\":\"en-US\",\"potentialAction\":[{\"@type\":\"ReadAction\",\"target\":[\"https:\\\/\\\/18lounge.ro\\\/politica-de-confidentialitate\\\/\"]}]},{\"@type\":\"ImageObject\",\"inLanguage\":\"en-US\",\"@id\":\"https:\\\/\\\/18lounge.ro\\\/politica-de-confidentialitate\\\/#primaryimage\",\"url\":\"https:\\\/\\\/18lounge.ro\\\/wp-content\\\/uploads\\\/2023\\\/05\\\/home-page-scaled.webp\",\"contentUrl\":\"https:\\\/\\\/18lounge.ro\\\/wp-content\\\/uploads\\\/2023\\\/05\\\/home-page-scaled.webp\",\"width\":2560,\"height\":1942},{\"@type\":\"BreadcrumbList\",\"@id\":\"https:\\\/\\\/18lounge.ro\\\/politica-de-confidentialitate\\\/#breadcrumb\",\"itemListElement\":[{\"@type\":\"ListItem\",\"position\":1,\"name\":\"Prima pagin\u0103\",\"item\":\"https:\\\/\\\/18lounge.ro\\\/\"},{\"@type\":\"ListItem\",\"position\":2,\"name\":\"Politic\u0103 de confiden\u021bialitate\"}]},{\"@type\":\"WebSite\",\"@id\":\"https:\\\/\\\/18lounge.ro\\\/#website\",\"url\":\"https:\\\/\\\/18lounge.ro\\\/\",\"name\":\"18lounge\",\"description\":\"slogan\",\"publisher\":{\"@id\":\"https:\\\/\\\/18lounge.ro\\\/#organization\"},\"potentialAction\":[{\"@type\":\"SearchAction\",\"target\":{\"@type\":\"EntryPoint\",\"urlTemplate\":\"https:\\\/\\\/18lounge.ro\\\/?s={search_term_string}\"},\"query-input\":{\"@type\":\"PropertyValueSpecification\",\"valueRequired\":true,\"valueName\":\"search_term_string\"}}],\"inLanguage\":\"en-US\"},{\"@type\":\"Organization\",\"@id\":\"https:\\\/\\\/18lounge.ro\\\/#organization\",\"name\":\"18lounge\",\"url\":\"https:\\\/\\\/18lounge.ro\\\/\",\"logo\":{\"@type\":\"ImageObject\",\"inLanguage\":\"en-US\",\"@id\":\"https:\\\/\\\/18lounge.ro\\\/#\\\/schema\\\/logo\\\/image\\\/\",\"url\":\"https:\\\/\\\/18lounge.ro\\\/wp-content\\\/uploads\\\/2023\\\/05\\\/18-lounge-logo.png\",\"contentUrl\":\"https:\\\/\\\/18lounge.ro\\\/wp-content\\\/uploads\\\/2023\\\/05\\\/18-lounge-logo.png\",\"width\":913,\"height\":533,\"caption\":\"18lounge\"},\"image\":{\"@id\":\"https:\\\/\\\/18lounge.ro\\\/#\\\/schema\\\/logo\\\/image\\\/\"},\"sameAs\":[\"https:\\\/\\\/www.facebook.com\\\/18Lounge\",\"https:\\\/\\\/www.instagram.com\\\/18lounge\\\/\",\"https:\\\/\\\/www.tiktok.com\\\/@18lounge.bucharest\"]}]}<\/script>\n<!-- \/ Yoast SEO plugin. -->","yoast_head_json":{"title":"Politic\u0103 de confiden\u021bialitate - 18lounge","robots":{"index":"index","follow":"nofollow","max-snippet":"max-snippet:-1","max-image-preview":"max-image-preview:large","max-video-preview":"max-video-preview:-1"},"canonical":"https:\/\/18lounge.ro\/en\/politica-de-confidentialitate\/","og_locale":"en_US","og_type":"article","og_title":"Politic\u0103 de confiden\u021bialitate - 18lounge","og_description":"Cine suntem Adresa site-ului nostru web este: https:\/\/18lounge.ro. Con\u021binut \u00eenglobat de pe alte site-uri web Articolele din acest site pot include con\u021binut \u00eenglobat (de exemplu, videouri, imagini, articole etc.). Con\u021binutul \u00eenglobat de pe alte site-uri web se comporta exact la fel ca \u0219i cum vizitatorii au vizualizat un alt site web. Aceste site-uri web pot [&hellip;]","og_url":"https:\/\/18lounge.ro\/en\/politica-de-confidentialitate\/","og_site_name":"18lounge","article_publisher":"https:\/\/www.facebook.com\/18Lounge","article_modified_time":"2023-05-22T09:50:13+00:00","og_image":[{"width":2560,"height":1942,"url":"https:\/\/18lounge.ro\/wp-content\/uploads\/2023\/05\/home-page-scaled.webp","type":"image\/webp"}],"twitter_card":"summary_large_image","twitter_misc":{"Est. reading time":"2 minutes"},"schema":{"@context":"https:\/\/schema.org","@graph":[{"@type":"WebPage","@id":"https:\/\/18lounge.ro\/politica-de-confidentialitate\/","url":"https:\/\/18lounge.ro\/politica-de-confidentialitate\/","name":"Politic\u0103 de confiden\u021bialitate - 18lounge","isPartOf":{"@id":"https:\/\/18lounge.ro\/#website"},"primaryImageOfPage":{"@id":"https:\/\/18lounge.ro\/politica-de-confidentialitate\/#primaryimage"},"image":{"@id":"https:\/\/18lounge.ro\/politica-de-confidentialitate\/#primaryimage"},"thumbnailUrl":"https:\/\/18lounge.ro\/wp-content\/uploads\/2023\/05\/home-page-scaled.webp","datePublished":"2023-04-21T11:54:51+00:00","dateModified":"2023-05-22T09:50:13+00:00","breadcrumb":{"@id":"https:\/\/18lounge.ro\/politica-de-confidentialitate\/#breadcrumb"},"inLanguage":"en-US","potentialAction":[{"@type":"ReadAction","target":["https:\/\/18lounge.ro\/politica-de-confidentialitate\/"]}]},{"@type":"ImageObject","inLanguage":"en-US","@id":"https:\/\/18lounge.ro\/politica-de-confidentialitate\/#primaryimage","url":"https:\/\/18lounge.ro\/wp-content\/uploads\/2023\/05\/home-page-scaled.webp","contentUrl":"https:\/\/18lounge.ro\/wp-content\/uploads\/2023\/05\/home-page-scaled.webp","width":2560,"height":1942},{"@type":"BreadcrumbList","@id":"https:\/\/18lounge.ro\/politica-de-confidentialitate\/#breadcrumb","itemListElement":[{"@type":"ListItem","position":1,"name":"Prima pagin\u0103","item":"https:\/\/18lounge.ro\/"},{"@type":"ListItem","position":2,"name":"Politic\u0103 de confiden\u021bialitate"}]},{"@type":"WebSite","@id":"https:\/\/18lounge.ro\/#website","url":"https:\/\/18lounge.ro\/","name":"18lounge","description":"slogan","publisher":{"@id":"https:\/\/18lounge.ro\/#organization"},"potentialAction":[{"@type":"SearchAction","target":{"@type":"EntryPoint","urlTemplate":"https:\/\/18lounge.ro\/?s={search_term_string}"},"query-input":{"@type":"PropertyValueSpecification","valueRequired":true,"valueName":"search_term_string"}}],"inLanguage":"en-US"},{"@type":"Organization","@id":"https:\/\/18lounge.ro\/#organization","name":"18lounge","url":"https:\/\/18lounge.ro\/","logo":{"@type":"ImageObject","inLanguage":"en-US","@id":"https:\/\/18lounge.ro\/#\/schema\/logo\/image\/","url":"https:\/\/18lounge.ro\/wp-content\/uploads\/2023\/05\/18-lounge-logo.png","contentUrl":"https:\/\/18lounge.ro\/wp-content\/uploads\/2023\/05\/18-lounge-logo.png","width":913,"height":533,"caption":"18lounge"},"image":{"@id":"https:\/\/18lounge.ro\/#\/schema\/logo\/image\/"},"sameAs":["https:\/\/www.facebook.com\/18Lounge","https:\/\/www.instagram.com\/18lounge\/","https:\/\/www.tiktok.com\/@18lounge.bucharest"]}]}},"_links":{"self":[{"href":"https:\/\/18lounge.ro\/en\/wp-json\/wp\/v2\/pages\/3","targetHints":{"allow":["GET"]}}],"collection":[{"href":"https:\/\/18lounge.ro\/en\/wp-json\/wp\/v2\/pages"}],"about":[{"href":"https:\/\/18lounge.ro\/en\/wp-json\/wp\/v2\/types\/page"}],"author":[{"embeddable":true,"href":"https:\/\/18lounge.ro\/en\/wp-json\/wp\/v2\/users\/1"}],"replies":[{"embeddable":true,"href":"https:\/\/18lounge.ro\/en\/wp-json\/wp\/v2\/comments?post=3"}],"version-history":[{"count":3,"href":"https:\/\/18lounge.ro\/en\/wp-json\/wp\/v2\/pages\/3\/revisions"}],"predecessor-version":[{"id":181,"href":"https:\/\/18lounge.ro\/en\/wp-json\/wp\/v2\/pages\/3\/revisions\/181"}],"wp:featuredmedia":[{"embeddable":true,"href":"https:\/\/18lounge.ro\/en\/wp-json\/wp\/v2\/media\/138"}],"wp:attachment":[{"href":"https:\/\/18lounge.ro\/en\/wp-json\/wp\/v2\/media?parent=3"}],"curies":[{"name":"wp","href":"https:\/\/api.w.org\/{rel}","templated":true}]}}